{"id":9,"date":"2023-07-21T11:49:52","date_gmt":"2023-07-21T09:49:52","guid":{"rendered":"http:\/\/stunt-competence.de\/?page_id=9"},"modified":"2023-12-28T17:53:40","modified_gmt":"2023-12-28T16:53:40","slug":"leistungen-qualifikationen","status":"publish","type":"page","link":"https:\/\/stunt-competence.de\/?page_id=9","title":{"rendered":"Leistungen &#038; Qualifikationen"},"content":{"rendered":"<p>[et_pb_section fb_built=&#8220;1&#8243; admin_label=&#8220;section&#8220; _builder_version=&#8220;4.23.3&#8243; background_color=&#8220;#474747&#8243; global_colors_info=&#8220;{}&#8220;][et_pb_row _builder_version=&#8220;4.23.3&#8243; _module_preset=&#8220;default&#8220; global_colors_info=&#8220;{}&#8220;][et_pb_column type=&#8220;4_4&#8243; _builder_version=&#8220;4.23.3&#8243; _module_preset=&#8220;default&#8220; global_colors_info=&#8220;{}&#8220;][et_pb_text _builder_version=&#8220;4.23.3&#8243; _module_preset=&#8220;default&#8220; header_2_font=&#8220;Teko||||||||&#8220; header_2_text_color=&#8220;#FFFFFF&#8220; header_2_font_size=&#8220;40px&#8220; header_2_letter_spacing=&#8220;1px&#8220; global_colors_info=&#8220;{}&#8220;]<\/p>\n<h2>Leistungen &amp; Qualifikationen<\/h2>\n<p>[\/et_pb_text][\/et_pb_column][\/et_pb_row][et_pb_row column_structure=&#8220;1_2,1_2&#8243; admin_label=&#8220;row&#8220; _builder_version=&#8220;4.16&#8243; background_size=&#8220;initial&#8220; background_position=&#8220;top_left&#8220; background_repeat=&#8220;repeat&#8220; global_colors_info=&#8220;{}&#8220; min_height=&#8220;408.7px&#8220; custom_padding=&#8220;2px|||||&#8220; custom_margin=&#8220;|auto|-25px|auto||&#8220;][et_pb_column type=&#8220;1_2&#8243; _builder_version=&#8220;4.16&#8243; custom_padding=&#8220;|||&#8220; global_colors_info=&#8220;{}&#8220; custom_padding__hover=&#8220;|||&#8220;][et_pb_divider show_divider=&#8220;off&#8220; _builder_version=&#8220;4.23.3&#8243; _module_preset=&#8220;default&#8220; custom_padding=&#8220;||12px|||&#8220; global_colors_info=&#8220;{}&#8220;][\/et_pb_divider][et_pb_text _builder_version=&#8220;4.23.3&#8243; _module_preset=&#8220;default&#8220; text_text_color=&#8220;#FFFFFF&#8220; text_font_size=&#8220;18px&#8220; text_letter_spacing=&#8220;1px&#8220; text_line_height=&#8220;2em&#8220; global_colors_info=&#8220;{}&#8220;]<\/p>\n<p style=\"text-align: right;\"><span>Martial Arts Und Showk\u00e4mpfe<\/span><br \/><span>Body Stunts<\/span><br \/><span>Acting<\/span><br \/><span>High Falls<\/span><br \/><span>Body Burns<\/span><br \/><span>Motorrad\/ Auto Stunts<\/span><br \/><span>Pr\u00e4zisionsfahren<\/span><\/p>\n<p>[\/et_pb_text][\/et_pb_column][et_pb_column type=&#8220;1_2&#8243; _builder_version=&#8220;4.16&#8243; custom_padding=&#8220;|||&#8220; global_colors_info=&#8220;{}&#8220; custom_padding__hover=&#8220;|||&#8220;][et_pb_image src=&#8220;https:\/\/stunt-competence.de\/wp-content\/uploads\/2023\/07\/Screenshot_20230719_115502_Instagram.jpg&#8220; title_text=&#8220;Stefan Auto Stunt&#8220; _builder_version=&#8220;4.23.3&#8243; _module_preset=&#8220;default&#8220; global_colors_info=&#8220;{}&#8220; min_height=&#8220;357.7px&#8220;][\/et_pb_image][\/et_pb_column][\/et_pb_row][et_pb_row column_structure=&#8220;1_2,1_2&#8243; admin_label=&#8220;row&#8220; _builder_version=&#8220;4.16&#8243; background_size=&#8220;initial&#8220; background_position=&#8220;top_left&#8220; background_repeat=&#8220;repeat&#8220; global_colors_info=&#8220;{}&#8220; custom_padding=&#8220;4px||1px|||&#8220;][et_pb_column type=&#8220;1_2&#8243; _builder_version=&#8220;4.16&#8243; custom_padding=&#8220;|||&#8220; global_colors_info=&#8220;{}&#8220; custom_padding__hover=&#8220;|||&#8220;][et_pb_image src=&#8220;https:\/\/stunt-competence.de\/wp-content\/uploads\/2023\/07\/Screenshot_20230719_115339_Instagram.jpg&#8220; title_text=&#8220;Burning Stefan&#8220; _builder_version=&#8220;4.23.3&#8243; _module_preset=&#8220;default&#8220; global_colors_info=&#8220;{}&#8220;][\/et_pb_image][\/et_pb_column][et_pb_column type=&#8220;1_2&#8243; _builder_version=&#8220;4.16&#8243; custom_padding=&#8220;|||&#8220; global_colors_info=&#8220;{}&#8220; custom_padding__hover=&#8220;|||&#8220;][et_pb_divider show_divider=&#8220;off&#8220; _builder_version=&#8220;4.23.3&#8243; _module_preset=&#8220;default&#8220; global_colors_info=&#8220;{}&#8220;][\/et_pb_divider][et_pb_text _builder_version=&#8220;4.23.3&#8243; _module_preset=&#8220;default&#8220; text_text_color=&#8220;#FFFFFF&#8220; text_font_size=&#8220;18px&#8220; text_letter_spacing=&#8220;1px&#8220; text_line_height=&#8220;2em&#8220; global_colors_info=&#8220;{}&#8220;]<\/p>\n<p><span>Industriekletterer \u2013 FISAT Level 2<\/span><br \/><span>Stunt Rigging<\/span><br \/><span>Pyro-Techniker f\u00fcr SFX<\/span><br \/><span>B\u00fchnen- &amp; Theater Pyro-Techniker<\/span><br \/><span>Elektroniker f\u00fcr Maschinen- und Antriebstechnik<\/span><br \/><span>Kettens\u00e4genschein<\/span><br \/><span>F\u00fchrerscheinklassen A, B, BE, SBF Binnen Motor<\/span><\/p>\n<p>[\/et_pb_text][\/et_pb_column][\/et_pb_row][et_pb_row column_structure=&#8220;1_2,1_2&#8243; admin_label=&#8220;row&#8220; _builder_version=&#8220;4.16&#8243; background_size=&#8220;initial&#8220; background_position=&#8220;top_left&#8220; background_repeat=&#8220;repeat&#8220; global_colors_info=&#8220;{}&#8220; custom_margin=&#8220;-28px|auto||auto||&#8220; custom_padding=&#8220;||1px|||&#8220;][et_pb_column type=&#8220;1_2&#8243; _builder_version=&#8220;4.16&#8243; custom_padding=&#8220;|||&#8220; global_colors_info=&#8220;{}&#8220; custom_padding__hover=&#8220;|||&#8220;][et_pb_divider show_divider=&#8220;off&#8220; _builder_version=&#8220;4.23.3&#8243; _module_preset=&#8220;default&#8220; global_colors_info=&#8220;{}&#8220;][\/et_pb_divider][et_pb_text _builder_version=&#8220;4.23.3&#8243; _module_preset=&#8220;default&#8220; text_text_color=&#8220;#FFFFFF&#8220; text_font_size=&#8220;18px&#8220; text_letter_spacing=&#8220;1px&#8220; text_line_height=&#8220;2em&#8220; header_4_font=&#8220;Teko||||||||&#8220; header_4_text_color=&#8220;#FFFFFF&#8220; header_4_font_size=&#8220;30px&#8220; header_4_letter_spacing=&#8220;1px&#8220; global_colors_info=&#8220;{}&#8220;]<\/p>\n<h4 class=\"wp-block-heading\" style=\"text-align: right;\">Ma\u00dfe<\/h4>\n<p style=\"text-align: right;\">Gr\u00f6\u00dfe\u00a0 \u00a0 \u00a0 \u00a0 \u00a0 \u00a0 \u00a0 \u00a0 \u00a0170cm<br \/>Brustumfang\u00a0 \u00a0 \u00a0 \u00a0 \u00a0 \u00a0 \u00a0 \u00a0 \u00a0 \u00a095cm<br \/>Taille\u00a0 \u00a0 \u00a0 \u00a0 \u00a0 \u00a0 \u00a0 \u00a0 \u00a0 \u00a082cm<br \/>Gewicht\u00a0 \u00a0 \u00a0 \u00a0 \u00a0 \u00a0 \u00a0 \u00a0 \u00a0 \u00a0 70kg<br \/>Haarfarbe\u00a0 \u00a0 \u00a0 dunkelbraun<br \/>Augenfarbe\u00a0 \u00a0 \u00a0 \u00a0 \u00a0 \u00a0 \u00a0 \u00a0 \u00a0braun<br \/>Schuhgr\u00f6\u00dfe\u00a0 \u00a0 \u00a0 \u00a0 \u00a0 \u00a0 \u00a0 \u00a0 \u00a0 \u00a0 42,5<\/p>\n<p>[\/et_pb_text][\/et_pb_column][et_pb_column type=&#8220;1_2&#8243; _builder_version=&#8220;4.16&#8243; custom_padding=&#8220;|||&#8220; global_colors_info=&#8220;{}&#8220; custom_padding__hover=&#8220;|||&#8220;][et_pb_image src=&#8220;https:\/\/stunt-competence.de\/wp-content\/uploads\/2023\/07\/Screenshot_20230719_120139_Instagram.jpg&#8220; title_text=&#8220;Muscle Stefan&#8220; _builder_version=&#8220;4.23.3&#8243; _module_preset=&#8220;default&#8220; global_colors_info=&#8220;{}&#8220;][\/et_pb_image][\/et_pb_column][\/et_pb_row][et_pb_row column_structure=&#8220;1_2,1_2&#8243; admin_label=&#8220;row&#8220; _builder_version=&#8220;4.16&#8243; background_size=&#8220;initial&#8220; background_position=&#8220;top_left&#8220; background_repeat=&#8220;repeat&#8220; global_colors_info=&#8220;{}&#8220; custom_padding=&#8220;0px|||||&#8220;][et_pb_column type=&#8220;1_2&#8243; _builder_version=&#8220;4.16&#8243; custom_padding=&#8220;|||&#8220; global_colors_info=&#8220;{}&#8220; custom_padding__hover=&#8220;|||&#8220;][et_pb_image src=&#8220;https:\/\/stunt-competence.de\/wp-content\/uploads\/2023\/07\/Screenshot_20230719_120210_Instagram.jpg&#8220; title_text=&#8220;Stefan Meer&#8220; _builder_version=&#8220;4.23.3&#8243; _module_preset=&#8220;default&#8220; global_colors_info=&#8220;{}&#8220;][\/et_pb_image][\/et_pb_column][et_pb_column type=&#8220;1_2&#8243; _builder_version=&#8220;4.16&#8243; custom_padding=&#8220;|||&#8220; global_colors_info=&#8220;{}&#8220; custom_padding__hover=&#8220;|||&#8220;][et_pb_divider show_divider=&#8220;off&#8220; _builder_version=&#8220;4.23.3&#8243; _module_preset=&#8220;default&#8220; global_colors_info=&#8220;{}&#8220;][\/et_pb_divider][et_pb_divider show_divider=&#8220;off&#8220; _builder_version=&#8220;4.23.3&#8243; _module_preset=&#8220;default&#8220; global_colors_info=&#8220;{}&#8220;][\/et_pb_divider][et_pb_text _builder_version=&#8220;4.23.3&#8243; _module_preset=&#8220;default&#8220; text_text_color=&#8220;#FFFFFF&#8220; text_font_size=&#8220;18px&#8220; text_letter_spacing=&#8220;1px&#8220; text_line_height=&#8220;2em&#8220; header_4_font=&#8220;Teko||||||||&#8220; header_4_text_color=&#8220;#FFFFFF&#8220; header_4_font_size=&#8220;30px&#8220; header_4_letter_spacing=&#8220;1px&#8220; global_colors_info=&#8220;{}&#8220;]<\/p>\n<h4 class=\"wp-block-heading\">Auslandserfahrung<\/h4>\n<p>Belgien<br \/>USA<br \/>S\u00fcdafrika<\/p>\n<p>[\/et_pb_text][\/et_pb_column][\/et_pb_row][\/et_pb_section]<\/p>\n","protected":false},"excerpt":{"rendered":"<p>Leistungen &amp; QualifikationenMartial Arts Und Showk\u00e4mpfeBody StuntsActingHigh FallsBody BurnsMotorrad\/ Auto StuntsPr\u00e4zisionsfahrenIndustriekletterer \u2013 FISAT Level 2Stunt RiggingPyro-Techniker f\u00fcr SFXB\u00fchnen- &amp; Theater Pyro-TechnikerElektroniker f\u00fcr Maschinen- und AntriebstechnikKettens\u00e4genscheinF\u00fchrerscheinklassen A, B, BE, SBF Binnen MotorMa\u00dfe Gr\u00f6\u00dfe\u00a0 \u00a0 \u00a0 \u00a0 \u00a0 \u00a0 \u00a0 \u00a0 \u00a0170cmBrustumfang\u00a0 \u00a0 \u00a0 \u00a0 \u00a0 \u00a0 \u00a0 \u00a0 \u00a0 \u00a095cmTaille\u00a0 \u00a0 \u00a0 \u00a0 \u00a0 \u00a0 \u00a0 [&hellip;]<\/p>\n","protected":false},"author":1,"featured_media":0,"parent":0,"menu_order":0,"comment_status":"closed","ping_status":"closed","template":"","meta":{"_et_pb_use_builder":"on","_et_pb_old_content":"<!-- wp:media-text {\"mediaPosition\":\"right\",\"mediaId\":124,\"mediaLink\":\"http:\/\/stunt-competence.de\/?attachment_id=124\",\"mediaType\":\"image\"} -->\n<div class=\"wp-block-media-text alignwide has-media-on-the-right is-stacked-on-mobile\"><div class=\"wp-block-media-text__content\"><!-- wp:paragraph {\"style\":{\"typography\":{\"textTransform\":\"capitalize\"}}} -->\n<p style=\"text-transform:capitalize\">Martial Arts und Showk\u00e4mpfe<br>Body Stunts <br>Acting <br>High Falls<br>Body Burns<br>Motorrad\/ Auto Stunts <br>Pr\u00e4zisionsfahren <\/p>\n<!-- \/wp:paragraph --><\/div><figure class=\"wp-block-media-text__media\"><img src=\"http:\/\/stunt-competence.de\/wp-content\/uploads\/2023\/07\/Screenshot_20230719_115502_Instagram-1024x768.jpg\" alt=\"\" class=\"wp-image-124 size-full\"\/><\/figure><\/div>\n<!-- \/wp:media-text -->\n\n<!-- wp:media-text {\"mediaId\":125,\"mediaLink\":\"http:\/\/stunt-competence.de\/?attachment_id=125\",\"mediaType\":\"image\"} -->\n<div class=\"wp-block-media-text alignwide is-stacked-on-mobile\"><figure class=\"wp-block-media-text__media\"><img src=\"http:\/\/stunt-competence.de\/wp-content\/uploads\/2023\/07\/Screenshot_20230719_115339_Instagram-1024x678.jpg\" alt=\"\" class=\"wp-image-125 size-full\"\/><\/figure><div class=\"wp-block-media-text__content\"><!-- wp:paragraph -->\n<p>Industriekletterer - FISAT Level 2<br>Stunt Rigging<br>Pyro-Techniker f\u00fcr SFX<br>B\u00fchnen- &amp; Theater Pyro-Techniker<br>Elektroniker f\u00fcr Maschinen- und Antriebstechnik<br>Kettens\u00e4genschein <br>F\u00fchrerscheinklassen A, B, BE, SBF Binnen Motor<\/p>\n<!-- \/wp:paragraph --><\/div><\/div>\n<!-- \/wp:media-text -->\n\n<!-- wp:media-text {\"mediaPosition\":\"right\",\"mediaId\":126,\"mediaLink\":\"http:\/\/stunt-competence.de\/?attachment_id=126\",\"mediaType\":\"image\",\"mediaWidth\":58} -->\n<div class=\"wp-block-media-text alignwide has-media-on-the-right is-stacked-on-mobile\" style=\"grid-template-columns:auto 58%\"><div class=\"wp-block-media-text__content\"><!-- wp:heading -->\n<h2 class=\"wp-block-heading\">Ma\u00dfe<\/h2>\n<!-- \/wp:heading -->\n\n<!-- wp:paragraph -->\n<p>Gr\u00f6\u00dfe                   170cm <br>Brustumfang         95cm <br>Taille                      82cm<br>Gewicht                 70kg<br>Haarfarbe             dunkelbraun<br>Augenfarbe          braun<br>Schuhgr\u00f6\u00dfe          42,5<\/p>\n<!-- \/wp:paragraph --><\/div><figure class=\"wp-block-media-text__media\"><img src=\"http:\/\/stunt-competence.de\/wp-content\/uploads\/2023\/07\/Screenshot_20230719_120139_Instagram-1024x676.jpg\" alt=\"\" class=\"wp-image-126 size-full\"\/><\/figure><\/div>\n<!-- \/wp:media-text -->\n\n<!-- wp:media-text {\"mediaId\":127,\"mediaLink\":\"http:\/\/stunt-competence.de\/?attachment_id=127\",\"mediaType\":\"image\"} -->\n<div class=\"wp-block-media-text alignwide is-stacked-on-mobile\"><figure class=\"wp-block-media-text__media\"><img src=\"http:\/\/stunt-competence.de\/wp-content\/uploads\/2023\/07\/Screenshot_20230719_120210_Instagram-1024x535.jpg\" alt=\"\" class=\"wp-image-127 size-full\"\/><\/figure><div class=\"wp-block-media-text__content\"><!-- wp:heading -->\n<h2 class=\"wp-block-heading\">Auslandserfahrung<\/h2>\n<!-- \/wp:heading -->\n\n<!-- wp:paragraph {\"placeholder\":\"Inhalt\u2026\"} -->\n<p>Belgien<br>USA<br>S\u00fcdafrika<\/p>\n<!-- \/wp:paragraph --><\/div><\/div>\n<!-- \/wp:media-text -->","_et_gb_content_width":"","footnotes":""},"class_list":["post-9","page","type-page","status-publish","hentry"],"_links":{"self":[{"href":"https:\/\/stunt-competence.de\/index.php?rest_route=\/wp\/v2\/pages\/9","targetHints":{"allow":["GET"]}}],"collection":[{"href":"https:\/\/stunt-competence.de\/index.php?rest_route=\/wp\/v2\/pages"}],"about":[{"href":"https:\/\/stunt-competence.de\/index.php?rest_route=\/wp\/v2\/types\/page"}],"author":[{"embeddable":true,"href":"https:\/\/stunt-competence.de\/index.php?rest_route=\/wp\/v2\/users\/1"}],"replies":[{"embeddable":true,"href":"https:\/\/stunt-competence.de\/index.php?rest_route=%2Fwp%2Fv2%2Fcomments&post=9"}],"version-history":[{"count":10,"href":"https:\/\/stunt-competence.de\/index.php?rest_route=\/wp\/v2\/pages\/9\/revisions"}],"predecessor-version":[{"id":342,"href":"https:\/\/stunt-competence.de\/index.php?rest_route=\/wp\/v2\/pages\/9\/revisions\/342"}],"wp:attachment":[{"href":"https:\/\/stunt-competence.de\/index.php?rest_route=%2Fwp%2Fv2%2Fmedia&parent=9"}],"curies":[{"name":"wp","href":"https:\/\/api.w.org\/{rel}","templated":true}]}}