{"id":11,"date":"2023-07-21T11:49:52","date_gmt":"2023-07-21T09:49:52","guid":{"rendered":"http:\/\/stunt-competence.de\/?page_id=11"},"modified":"2023-12-29T18:15:00","modified_gmt":"2023-12-29T17:15:00","slug":"ueber-mich","status":"publish","type":"page","link":"https:\/\/stunt-competence.de\/?page_id=11","title":{"rendered":"\u00dcber mich"},"content":{"rendered":"[et_pb_section fb_built=&#8220;1&#8243; admin_label=&#8220;section&#8220; _builder_version=&#8220;4.23.3&#8243; background_color=&#8220;#474747&#8243; global_colors_info=&#8220;{}&#8220;][et_pb_row _builder_version=&#8220;4.23.3&#8243; _module_preset=&#8220;default&#8220;][et_pb_column _builder_version=&#8220;4.23.3&#8243; _module_preset=&#8220;default&#8220; type=&#8220;4_4&#8243;][et_pb_text _builder_version=&#8220;4.23.3&#8243; _module_preset=&#8220;default&#8220; header_2_font=&#8220;Teko||||||||&#8220; header_2_text_color=&#8220;#FFFFFF&#8220; header_2_font_size=&#8220;40px&#8220; header_2_letter_spacing=&#8220;1px&#8220; hover_enabled=&#8220;0&#8243; sticky_enabled=&#8220;0&#8243;]<h2>Stefan Walther &#8211; Behind the Scenes<\/h2>[\/et_pb_text][\/et_pb_column][\/et_pb_row][et_pb_row column_structure=&#8220;1_2,1_2&#8243; admin_label=&#8220;row&#8220; _builder_version=&#8220;4.16&#8243; background_size=&#8220;initial&#8220; background_position=&#8220;top_left&#8220; background_repeat=&#8220;repeat&#8220; global_colors_info=&#8220;{}&#8220;][et_pb_column type=&#8220;1_2&#8243; _builder_version=&#8220;4.16&#8243; custom_padding=&#8220;|||&#8220; global_colors_info=&#8220;{}&#8220; custom_padding__hover=&#8220;|||&#8220;][et_pb_image src=&#8220;https:\/\/stunt-competence.de\/wp-content\/uploads\/2023\/07\/Screenshot_20230626_165620_Instagram.jpg&#8220; title_text=&#8220;Stefan als Papa&#8220; _builder_version=&#8220;4.23.3&#8243; _module_preset=&#8220;default&#8220; hover_enabled=&#8220;0&#8243; global_colors_info=&#8220;{}&#8220; alt=&#8220;Stefan Walther&#8220; sticky_enabled=&#8220;0&#8243; url=&#8220;https:\/\/stunt-competence.de\/galerie\/&#8220;][\/et_pb_image][et_pb_divider _builder_version=&#8220;4.23.3&#8243; _module_preset=&#8220;default&#8220; show_divider=&#8220;off&#8220; hover_enabled=&#8220;0&#8243; sticky_enabled=&#8220;0&#8243;][\/et_pb_divider][et_pb_image src=&#8220;https:\/\/stunt-competence.de\/wp-content\/uploads\/2023\/12\/Stefan-Walther-mit-Freunden.png&#8220; _builder_version=&#8220;4.23.3&#8243; _module_preset=&#8220;default&#8220; title_text=&#8220;Stefan Walther und Freunden&#8220; hover_enabled=&#8220;0&#8243; sticky_enabled=&#8220;0&#8243; url=&#8220;https:\/\/stunt-competence.de\/galerie\/&#8220; alt=&#8220;Stefan Walther brennt&#8220;][\/et_pb_image][\/et_pb_column][et_pb_column type=&#8220;1_2&#8243; _builder_version=&#8220;4.16&#8243; custom_padding=&#8220;|||&#8220; global_colors_info=&#8220;{}&#8220; custom_padding__hover=&#8220;|||&#8220;][et_pb_text admin_label=&#8220;Text&#8220; _builder_version=&#8220;4.23.3&#8243; text_text_color=&#8220;#FFFFFF&#8220; text_font_size=&#8220;16px&#8220; text_line_height=&#8220;1.8em&#8220; header_2_font=&#8220;Teko||||||||&#8220; header_2_text_color=&#8220;#FFFFFF&#8220; header_2_font_size=&#8220;30px&#8220; header_2_letter_spacing=&#8220;1px&#8220; background_size=&#8220;initial&#8220; background_position=&#8220;top_left&#8220; background_repeat=&#8220;repeat&#8220; hover_enabled=&#8220;0&#8243; global_colors_info=&#8220;{}&#8220; sticky_enabled=&#8220;0&#8243;]<p>Hallo, sch\u00f6n, dass Du hier bist! Ich bin Stefan, ein leidenschaftlicher Stuntman und Stunt Coordinator aus der Region Magdeburg. Seit vielen Jahren arbeite ich bereits in der Filmbranche und habe es zu meiner Berufung gemacht, spektakul\u00e4re Stunts und Actionsequenzen zu kreieren.<\/p>\n<p>Wenn ich nicht gerade f\u00fcr einen Dreh vor der Kamera stehe und von Auto zu Auto springe, Geb\u00e4ude hinunterfalle oder gef\u00e4hrliche Feuerszenen umsetze, genie\u00dfe ich meine freie Zeit mit meinem Sohn Anton, meiner Familie und meinen Freunden.<\/p>\n<p>In meiner Freizeit schaue ich am liebsten die Kultklassiker von Bud Spencer und Terence Hill. Diese Filme aus meiner Jugend lassen mich in Nostalgie schwelgen und bringen mich immer wieder zum Schmunzeln.<\/p>\n<p>Eine weitere Leidenschaft von mir ist das Motorradfahren. Ich genie\u00dfe es, mit Gleichgesinnten \u00fcber Land zu cruisen, den Fahrtwind zu sp\u00fcren und mich dabei \u00fcber aktuelle Projekte auszutauschen. F\u00fcr mich ist das Motorradfahren ein Gef\u00fchl von Freiheit.<\/p>\n<p>Dar\u00fcber hinaus liebe ich es, bei Songtext-Ratespielen mit Freunden meine umfangreichen Musikkenntnisse unter Beweis zu stellen. Egal ob Oldie oder moderner Hit &#8211; mir entgeht kein Liedtext. Meine Freunde behaupten scherzhaft, ich h\u00e4tte den Songtext-Rategott pers\u00f6nlich in mir.<\/p>\n<p>Wie du siehst, ist das Leben eines Stuntmans nicht nur Actionszenen und Adrenalin. In meiner Freizeit tanke ich Kraft f\u00fcr die n\u00e4chsten Dreharbeiten und genie\u00dfe die Zeit mit meinem Sohn und Freunden. Sch\u00f6n, dass du mehr \u00fcber mich erfahren m\u00f6chtest!<\/p>\n<div class=\"wp-block-columns are-vertically-aligned-center\">\n<div class=\"wp-block-column is-vertically-aligned-center\" style=\"flex-basis: 100%;\">\n<div class=\"wp-block-media-text alignwide is-stacked-on-mobile\">\n<div class=\"wp-block-media-text__content\">\n<p><\/p>\n<\/div>\n<\/div>\n<p><!-- \/wp:post-content --><\/p>\n<\/div>\n<p><!-- \/wp:column --><\/p>\n<\/div>\n<p><!-- \/wp:columns --><\/p>[\/et_pb_text][\/et_pb_column][\/et_pb_row][\/et_pb_section]<!-- \/wp:freeform -->","protected":false},"excerpt":{"rendered":"<p>Stefan Walther &#8211; Behind the ScenesHallo, sch\u00f6n, dass Du hier bist! Ich bin Stefan, ein leidenschaftlicher Stuntman und Stunt Coordinator aus der Region Magdeburg. Seit vielen Jahren arbeite ich bereits in der Filmbranche und habe es zu meiner Berufung gemacht, spektakul\u00e4re Stunts und Actionsequenzen zu kreieren. Wenn ich nicht gerade f\u00fcr einen Dreh vor der [&hellip;]<\/p>\n","protected":false},"author":1,"featured_media":0,"parent":0,"menu_order":0,"comment_status":"closed","ping_status":"closed","template":"","meta":{"_et_pb_use_builder":"on","_et_pb_old_content":"<!-- wp:columns {\"verticalAlignment\":\"center\"} -->\n<div class=\"wp-block-columns are-vertically-aligned-center\"><!-- wp:column {\"verticalAlignment\":\"center\",\"width\":\"100%\"} -->\n<div class=\"wp-block-column is-vertically-aligned-center\" style=\"flex-basis:100%\"><!-- wp:media-text {\"mediaId\":31,\"mediaType\":\"image\"} -->\n<div class=\"wp-block-media-text alignwide is-stacked-on-mobile\"><figure class=\"wp-block-media-text__media\"><img src=\"http:\/\/stunt-competence.de\/wp-content\/uploads\/2023\/07\/Screenshot_20230626_165620_Instagram-1024x1024.jpg\" alt=\"\" class=\"wp-image-31 size-full\"\/><\/figure><div class=\"wp-block-media-text__content\"><!-- wp:paragraph {\"placeholder\":\"Inhalt\u2026\",\"fontSize\":\"medium\"} -->\n<p class=\"has-medium-font-size\"><strong>Stefan Walther <\/strong><\/p>\n<!-- \/wp:paragraph -->\n\n<!-- wp:paragraph -->\n<p>Hallo, sch\u00f6n, dass Du hier bist! Ich bin seit Jahren leidenschaftlicher Stuntman und Stunt Coordinator aus der Region Magdeburg. Wenn ich nicht gerade f\u00fcr Dich brenne oder von einem Haus springe, verbringe ich meine freie Zeit mit meiner Familie und meinen Freunden. Ich liebe es, klassische Filme zu schauen, Motorrad zu fahren und beim Lieder-Raten immer zu gewinnen.<\/p>\n<!-- \/wp:paragraph --><\/div><\/div>\n<!-- \/wp:media-text --><\/div>\n<!-- \/wp:column --><\/div>\n<!-- \/wp:columns -->","_et_gb_content_width":"","footnotes":""},"class_list":["post-11","page","type-page","status-publish","hentry"],"_links":{"self":[{"href":"https:\/\/stunt-competence.de\/index.php?rest_route=\/wp\/v2\/pages\/11","targetHints":{"allow":["GET"]}}],"collection":[{"href":"https:\/\/stunt-competence.de\/index.php?rest_route=\/wp\/v2\/pages"}],"about":[{"href":"https:\/\/stunt-competence.de\/index.php?rest_route=\/wp\/v2\/types\/page"}],"author":[{"embeddable":true,"href":"https:\/\/stunt-competence.de\/index.php?rest_route=\/wp\/v2\/users\/1"}],"replies":[{"embeddable":true,"href":"https:\/\/stunt-competence.de\/index.php?rest_route=%2Fwp%2Fv2%2Fcomments&post=11"}],"version-history":[{"count":14,"href":"https:\/\/stunt-competence.de\/index.php?rest_route=\/wp\/v2\/pages\/11\/revisions"}],"predecessor-version":[{"id":394,"href":"https:\/\/stunt-competence.de\/index.php?rest_route=\/wp\/v2\/pages\/11\/revisions\/394"}],"wp:attachment":[{"href":"https:\/\/stunt-competence.de\/index.php?rest_route=%2Fwp%2Fv2%2Fmedia&parent=11"}],"curies":[{"name":"wp","href":"https:\/\/api.w.org\/{rel}","templated":true}]}}